{"id":538,"date":"2021-08-03T13:25:24","date_gmt":"2021-08-03T11:25:24","guid":{"rendered":"https:\/\/www.er-schwimmt.de\/?page_id=538"},"modified":"2025-09-12T11:21:20","modified_gmt":"2025-09-12T09:21:20","slug":"oeffentliche-dokumente","status":"publish","type":"page","link":"https:\/\/www.er-schwimmt.de\/en\/news-archiv\/oeffentliche-dokumente\/","title":{"rendered":"Public documents"},"content":{"rendered":"<div class=\"wpb-content-wrapper\"><div class=\"vc_row wpb_row vc_row-fluid\"><div class=\"wpb_column vc_column_container vc_col-sm-6\"><div class=\"vc_column-inner vc_custom_1637232345252\"><div class=\"wpb_wrapper\"><div id=\"ultimate-heading-327169e4996aea60c\" class=\"uvc-heading ult-adjust-bottom-margin ultimate-heading-327169e4996aea60c uvc-8346  uvc-heading-default-font-sizes\" data-hspacer=\"no_spacer\"  data-halign=\"left\" style=\"text-align:left\"><div class=\"uvc-heading-spacer no_spacer\" style=\"top\"><\/div><div class=\"uvc-main-heading ult-responsive\"  data-ultimate-target='.uvc-heading.ultimate-heading-327169e4996aea60c h2'  data-responsive-json-new='{\"font-size\":\"\",\"line-height\":\"\"}' ><h2 style=\"--font-weight:theme;\">Satzungen<\/h2><\/div><\/div><div class=\"hr-thin style-line accent-border-color hr-left\" style=\"width: 45%;border-top-width: 1px;\"><\/div><style type=\"text\/css\" data-type=\"the7_shortcodes-inline-css\">.icon-with-text-shortcode.icon-text-id-0ba8488374ccec7f0b222706219140f6 .text-icon {\n  width: 60px;\n  height: 60px;\n  line-height: 60px;\n  font-size: 32px;\n  border-radius: 200px;\n  margin: 0px 20px 0px 0px;\n}\n.icon-with-text-shortcode.icon-text-id-0ba8488374ccec7f0b222706219140f6 .text-icon .icon-inner {\n  min-width: 60px;\n  min-height: 60px;\n  border-radius: 200px;\n}\n@media all and (-ms-high-contrast: none) {\n  .icon-with-text-shortcode.icon-text-id-0ba8488374ccec7f0b222706219140f6 .text-icon .icon-inner {\n    height: 60px;\n  }\n}\n.icon-with-text-shortcode.icon-text-id-0ba8488374ccec7f0b222706219140f6 .text-icon .dt-hover-icon {\n  line-height: 60px;\n}\n.icon-with-text-shortcode.icon-text-id-0ba8488374ccec7f0b222706219140f6 .text-icon:before,\n.icon-with-text-shortcode.icon-text-id-0ba8488374ccec7f0b222706219140f6 .text-icon:after,\n.icon-with-text-shortcode.icon-text-id-0ba8488374ccec7f0b222706219140f6 .text-icon .icon-inner:before,\n.icon-with-text-shortcode.icon-text-id-0ba8488374ccec7f0b222706219140f6 .text-icon .icon-inner:after {\n  min-width: 100%;\n  min-height: 100%;\n  padding: inherit;\n  border-radius: inherit;\n}\n.icon-with-text-shortcode.icon-text-id-0ba8488374ccec7f0b222706219140f6 .text-icon.dt-icon-border-on:before {\n  border-width: 2px;\n  border-style: solid;\n}\n.dt-icon-border-dashed.icon-with-text-shortcode.icon-text-id-0ba8488374ccec7f0b222706219140f6 .text-icon.dt-icon-border-on:before {\n  border-style: dashed;\n}\n.dt-icon-border-dotted.icon-with-text-shortcode.icon-text-id-0ba8488374ccec7f0b222706219140f6 .text-icon.dt-icon-border-on:before {\n  border-style: dotted;\n}\n.dt-icon-border-double.icon-with-text-shortcode.icon-text-id-0ba8488374ccec7f0b222706219140f6 .text-icon.dt-icon-border-on:before {\n  border-style: double;\n}\n.icon-with-text-shortcode.icon-text-id-0ba8488374ccec7f0b222706219140f6 .text-icon.dt-icon-border-dashed.dt-icon-border-on:before {\n  border-style: dashed;\n}\n.icon-with-text-shortcode.icon-text-id-0ba8488374ccec7f0b222706219140f6 .text-icon.dt-icon-border-dotted.dt-icon-border-on:before {\n  border-style: dotted;\n}\n.icon-with-text-shortcode.icon-text-id-0ba8488374ccec7f0b222706219140f6 .text-icon.dt-icon-border-double.dt-icon-border-on:before {\n  border-style: double;\n}\n.icon-with-text-shortcode.icon-text-id-0ba8488374ccec7f0b222706219140f6 .text-icon.dt-icon-hover-border-on:after {\n  border-width: 2px;\n  border-style: solid;\n}\n.icon-with-text-shortcode.icon-text-id-0ba8488374ccec7f0b222706219140f6 .text-icon.dt-icon-border-dashed.dt-icon-hover-border-on:after {\n  border-style: dashed;\n}\n.icon-with-text-shortcode.icon-text-id-0ba8488374ccec7f0b222706219140f6 .text-icon.dt-icon-border-dotted.dt-icon-hover-border-on:after {\n  border-style: dotted;\n}\n.icon-with-text-shortcode.icon-text-id-0ba8488374ccec7f0b222706219140f6 .text-icon.dt-icon-border-double.dt-icon-hover-border-on:after {\n  border-style: double;\n}\n.icon-with-text-shortcode.icon-text-id-0ba8488374ccec7f0b222706219140f6 .text-icon.dt-icon-hover-on:hover {\n  font-size: 32px;\n}\n#page .icon-with-text-shortcode.icon-text-id-0ba8488374ccec7f0b222706219140f6 .text-icon.dt-icon-hover-on:hover .soc-font-icon,\n#phantom .icon-with-text-shortcode.icon-text-id-0ba8488374ccec7f0b222706219140f6 .text-icon.dt-icon-hover-on:hover .soc-font-icon,\n#page .icon-with-text-shortcode.icon-text-id-0ba8488374ccec7f0b222706219140f6 .text-icon.dt-icon-hover-on:hover .soc-icon,\n#phantom .icon-with-text-shortcode.icon-text-id-0ba8488374ccec7f0b222706219140f6 .text-icon.dt-icon-hover-on:hover .soc-icon {\n  color: #fff;\n  background: none;\n}\n.icon-with-text-shortcode.icon-text-id-0ba8488374ccec7f0b222706219140f6.layout-1 {\n  grid-template-columns: 60px minmax(0,1fr);\n  grid-column-gap: 20px;\n}\n.icon-with-text-shortcode.icon-text-id-0ba8488374ccec7f0b222706219140f6.layout-2 {\n  grid-template-columns: minmax(0,1fr) 60px;\n  grid-column-gap: 0px;\n}\n.icon-with-text-shortcode.icon-text-id-0ba8488374ccec7f0b222706219140f6.layout-2 .text-icon {\n  margin-left: 0;\n}\n.icon-with-text-shortcode.icon-text-id-0ba8488374ccec7f0b222706219140f6.layout-3 {\n  grid-template-columns: 60px minmax(0,1fr);\n}\n.icon-with-text-shortcode.icon-text-id-0ba8488374ccec7f0b222706219140f6.layout-3 .dt-text-title {\n  margin-left: 20px;\n}\n.icon-with-text-shortcode.icon-text-id-0ba8488374ccec7f0b222706219140f6 .dt-text-title,\n.icon-with-text-shortcode.icon-text-id-0ba8488374ccec7f0b222706219140f6 .dt-text-title a {\n  font-weight: bold;\n}\n.icon-with-text-shortcode.icon-text-id-0ba8488374ccec7f0b222706219140f6 .dt-text-title {\n  margin-bottom: 0px;\n}\n.icon-with-text-shortcode.icon-text-id-0ba8488374ccec7f0b222706219140f6 .dt-text-desc {\n  margin-bottom: 8px;\n}<\/style><div class=\"icon-with-text-shortcode  icon-text-id-0ba8488374ccec7f0b222706219140f6 layout-1  vc_custom_1627993741985\" ><span   class=\"text-icon dt-icon-bg-off dt-icon-border-on dt-icon-hover-off\" ><span class=\"icon-inner\"><i class=\"dt-regular-icon soc-icon icomoon-the7-font-the7-more-00\"><\/i><i class=\"dt-hover-icon soc-icon icomoon-the7-font-the7-more-00\"><\/i><\/span><\/span><h4 class=\"dt-text-title\"  >Vereinssatzung SVE Erlangen<\/h4><div class=\"dt-text-desc\">Schwimmverein Erlangen<br \/>\nFassung vom 25.07.2017<\/div><a href=\"https:\/\/www.er-schwimmt.de\/wp-content\/uploads\/2021\/08\/vereinssatzung-sve-update17.pdf\" class=\"anchor-link  default-btn-shortcode dt-btn dt-btn-s link-hover-off\" target=\"_blank\" rel=\"noopener\"><span>Download<\/span><\/a><\/div><style type=\"text\/css\" data-type=\"the7_shortcodes-inline-css\">.icon-with-text-shortcode.icon-text-id-fcf99b8f4a364be8230e289db4a7985d .text-icon {\n  width: 60px;\n  height: 60px;\n  line-height: 60px;\n  font-size: 32px;\n  border-radius: 200px;\n  margin: 0px 20px 0px 0px;\n}\n.icon-with-text-shortcode.icon-text-id-fcf99b8f4a364be8230e289db4a7985d .text-icon .icon-inner {\n  min-width: 60px;\n  min-height: 60px;\n  border-radius: 200px;\n}\n@media all and (-ms-high-contrast: none) {\n  .icon-with-text-shortcode.icon-text-id-fcf99b8f4a364be8230e289db4a7985d .text-icon .icon-inner {\n    height: 60px;\n  }\n}\n.icon-with-text-shortcode.icon-text-id-fcf99b8f4a364be8230e289db4a7985d .text-icon .dt-hover-icon {\n  line-height: 60px;\n}\n.icon-with-text-shortcode.icon-text-id-fcf99b8f4a364be8230e289db4a7985d .text-icon:before,\n.icon-with-text-shortcode.icon-text-id-fcf99b8f4a364be8230e289db4a7985d .text-icon:after,\n.icon-with-text-shortcode.icon-text-id-fcf99b8f4a364be8230e289db4a7985d .text-icon .icon-inner:before,\n.icon-with-text-shortcode.icon-text-id-fcf99b8f4a364be8230e289db4a7985d .text-icon .icon-inner:after {\n  min-width: 100%;\n  min-height: 100%;\n  padding: inherit;\n  border-radius: inherit;\n}\n.icon-with-text-shortcode.icon-text-id-fcf99b8f4a364be8230e289db4a7985d .text-icon.dt-icon-border-on:before {\n  border-width: 2px;\n  border-style: solid;\n}\n.dt-icon-border-dashed.icon-with-text-shortcode.icon-text-id-fcf99b8f4a364be8230e289db4a7985d .text-icon.dt-icon-border-on:before {\n  border-style: dashed;\n}\n.dt-icon-border-dotted.icon-with-text-shortcode.icon-text-id-fcf99b8f4a364be8230e289db4a7985d .text-icon.dt-icon-border-on:before {\n  border-style: dotted;\n}\n.dt-icon-border-double.icon-with-text-shortcode.icon-text-id-fcf99b8f4a364be8230e289db4a7985d .text-icon.dt-icon-border-on:before {\n  border-style: double;\n}\n.icon-with-text-shortcode.icon-text-id-fcf99b8f4a364be8230e289db4a7985d .text-icon.dt-icon-border-dashed.dt-icon-border-on:before {\n  border-style: dashed;\n}\n.icon-with-text-shortcode.icon-text-id-fcf99b8f4a364be8230e289db4a7985d .text-icon.dt-icon-border-dotted.dt-icon-border-on:before {\n  border-style: dotted;\n}\n.icon-with-text-shortcode.icon-text-id-fcf99b8f4a364be8230e289db4a7985d .text-icon.dt-icon-border-double.dt-icon-border-on:before {\n  border-style: double;\n}\n.icon-with-text-shortcode.icon-text-id-fcf99b8f4a364be8230e289db4a7985d .text-icon.dt-icon-hover-border-on:after {\n  border-width: 2px;\n  border-style: solid;\n}\n.icon-with-text-shortcode.icon-text-id-fcf99b8f4a364be8230e289db4a7985d .text-icon.dt-icon-border-dashed.dt-icon-hover-border-on:after {\n  border-style: dashed;\n}\n.icon-with-text-shortcode.icon-text-id-fcf99b8f4a364be8230e289db4a7985d .text-icon.dt-icon-border-dotted.dt-icon-hover-border-on:after {\n  border-style: dotted;\n}\n.icon-with-text-shortcode.icon-text-id-fcf99b8f4a364be8230e289db4a7985d .text-icon.dt-icon-border-double.dt-icon-hover-border-on:after {\n  border-style: double;\n}\n.icon-with-text-shortcode.icon-text-id-fcf99b8f4a364be8230e289db4a7985d .text-icon.dt-icon-hover-on:hover {\n  font-size: 32px;\n}\n#page .icon-with-text-shortcode.icon-text-id-fcf99b8f4a364be8230e289db4a7985d .text-icon.dt-icon-hover-on:hover .soc-font-icon,\n#phantom .icon-with-text-shortcode.icon-text-id-fcf99b8f4a364be8230e289db4a7985d .text-icon.dt-icon-hover-on:hover .soc-font-icon,\n#page .icon-with-text-shortcode.icon-text-id-fcf99b8f4a364be8230e289db4a7985d .text-icon.dt-icon-hover-on:hover .soc-icon,\n#phantom .icon-with-text-shortcode.icon-text-id-fcf99b8f4a364be8230e289db4a7985d .text-icon.dt-icon-hover-on:hover .soc-icon {\n  color: #fff;\n  background: none;\n}\n.icon-with-text-shortcode.icon-text-id-fcf99b8f4a364be8230e289db4a7985d.layout-1 {\n  grid-template-columns: 60px minmax(0,1fr);\n  grid-column-gap: 20px;\n}\n.icon-with-text-shortcode.icon-text-id-fcf99b8f4a364be8230e289db4a7985d.layout-2 {\n  grid-template-columns: minmax(0,1fr) 60px;\n  grid-column-gap: 0px;\n}\n.icon-with-text-shortcode.icon-text-id-fcf99b8f4a364be8230e289db4a7985d.layout-2 .text-icon {\n  margin-left: 0;\n}\n.icon-with-text-shortcode.icon-text-id-fcf99b8f4a364be8230e289db4a7985d.layout-3 {\n  grid-template-columns: 60px minmax(0,1fr);\n}\n.icon-with-text-shortcode.icon-text-id-fcf99b8f4a364be8230e289db4a7985d.layout-3 .dt-text-title {\n  margin-left: 20px;\n}\n.icon-with-text-shortcode.icon-text-id-fcf99b8f4a364be8230e289db4a7985d .dt-text-title,\n.icon-with-text-shortcode.icon-text-id-fcf99b8f4a364be8230e289db4a7985d .dt-text-title a {\n  font-weight: bold;\n}\n.icon-with-text-shortcode.icon-text-id-fcf99b8f4a364be8230e289db4a7985d .dt-text-title {\n  margin-bottom: 0px;\n}\n.icon-with-text-shortcode.icon-text-id-fcf99b8f4a364be8230e289db4a7985d .dt-text-desc {\n  margin-bottom: 8px;\n}<\/style><div class=\"icon-with-text-shortcode  icon-text-id-fcf99b8f4a364be8230e289db4a7985d layout-1  vc_custom_1638151909600\" ><span   class=\"text-icon dt-icon-bg-off dt-icon-border-on dt-icon-hover-off\" ><span class=\"icon-inner\"><i class=\"dt-regular-icon soc-icon icomoon-the7-font-the7-more-00\"><\/i><i class=\"dt-hover-icon soc-icon icomoon-the7-font-the7-more-00\"><\/i><\/span><\/span><h4 class=\"dt-text-title\"  >Vereinssatzung SGS Erlangen<\/h4><div class=\"dt-text-desc\">Sportgemeinschaft Siemens<br \/>\nErlangen Schwimmen e. V.<br \/>\nFassung vom 19.12.2016<\/div><a href=\"https:\/\/www.er-schwimmt.de\/wp-content\/uploads\/2021\/11\/vereinssatzung-sgs-update17.pdf\" class=\"anchor-link  default-btn-shortcode dt-btn dt-btn-s link-hover-off\" target=\"_blank\" rel=\"noopener\"><span>Download<\/span><\/a><\/div><\/div><\/div><\/div><div class=\"wpb_column vc_column_container vc_col-sm-6\"><div class=\"vc_column-inner\"><div class=\"wpb_wrapper\"><div id=\"ultimate-heading-136569e4996aeada6\" class=\"uvc-heading ult-adjust-bottom-margin ultimate-heading-136569e4996aeada6 uvc-9724  uvc-heading-default-font-sizes\" data-hspacer=\"no_spacer\"  data-halign=\"left\" style=\"text-align:left\"><div class=\"uvc-heading-spacer no_spacer\" style=\"top\"><\/div><div class=\"uvc-main-heading ult-responsive\"  data-ultimate-target='.uvc-heading.ultimate-heading-136569e4996aeada6 h2'  data-responsive-json-new='{\"font-size\":\"\",\"line-height\":\"\"}' ><h2 style=\"--font-weight:theme;\">Other<\/h2><\/div><\/div><div class=\"hr-thin style-line accent-border-color hr-left\" style=\"width: 45%;border-top-width: 1px;\"><\/div><style type=\"text\/css\" data-type=\"the7_shortcodes-inline-css\">.icon-with-text-shortcode.icon-text-id-dd9283bb84caba90f7fb676438441ac8 .text-icon {\n  width: 60px;\n  height: 60px;\n  line-height: 60px;\n  font-size: 32px;\n  border-radius: 200px;\n  margin: 0px 20px 0px 0px;\n}\n.icon-with-text-shortcode.icon-text-id-dd9283bb84caba90f7fb676438441ac8 .text-icon .icon-inner {\n  min-width: 60px;\n  min-height: 60px;\n  border-radius: 200px;\n}\n@media all and (-ms-high-contrast: none) {\n  .icon-with-text-shortcode.icon-text-id-dd9283bb84caba90f7fb676438441ac8 .text-icon .icon-inner {\n    height: 60px;\n  }\n}\n.icon-with-text-shortcode.icon-text-id-dd9283bb84caba90f7fb676438441ac8 .text-icon .dt-hover-icon {\n  line-height: 60px;\n}\n.icon-with-text-shortcode.icon-text-id-dd9283bb84caba90f7fb676438441ac8 .text-icon:before,\n.icon-with-text-shortcode.icon-text-id-dd9283bb84caba90f7fb676438441ac8 .text-icon:after,\n.icon-with-text-shortcode.icon-text-id-dd9283bb84caba90f7fb676438441ac8 .text-icon .icon-inner:before,\n.icon-with-text-shortcode.icon-text-id-dd9283bb84caba90f7fb676438441ac8 .text-icon .icon-inner:after {\n  min-width: 100%;\n  min-height: 100%;\n  padding: inherit;\n  border-radius: inherit;\n}\n.icon-with-text-shortcode.icon-text-id-dd9283bb84caba90f7fb676438441ac8 .text-icon.dt-icon-border-on:before {\n  border-width: 2px;\n  border-style: solid;\n}\n.dt-icon-border-dashed.icon-with-text-shortcode.icon-text-id-dd9283bb84caba90f7fb676438441ac8 .text-icon.dt-icon-border-on:before {\n  border-style: dashed;\n}\n.dt-icon-border-dotted.icon-with-text-shortcode.icon-text-id-dd9283bb84caba90f7fb676438441ac8 .text-icon.dt-icon-border-on:before {\n  border-style: dotted;\n}\n.dt-icon-border-double.icon-with-text-shortcode.icon-text-id-dd9283bb84caba90f7fb676438441ac8 .text-icon.dt-icon-border-on:before {\n  border-style: double;\n}\n.icon-with-text-shortcode.icon-text-id-dd9283bb84caba90f7fb676438441ac8 .text-icon.dt-icon-border-dashed.dt-icon-border-on:before {\n  border-style: dashed;\n}\n.icon-with-text-shortcode.icon-text-id-dd9283bb84caba90f7fb676438441ac8 .text-icon.dt-icon-border-dotted.dt-icon-border-on:before {\n  border-style: dotted;\n}\n.icon-with-text-shortcode.icon-text-id-dd9283bb84caba90f7fb676438441ac8 .text-icon.dt-icon-border-double.dt-icon-border-on:before {\n  border-style: double;\n}\n.icon-with-text-shortcode.icon-text-id-dd9283bb84caba90f7fb676438441ac8 .text-icon.dt-icon-hover-border-on:after {\n  border-width: 2px;\n  border-style: solid;\n}\n.icon-with-text-shortcode.icon-text-id-dd9283bb84caba90f7fb676438441ac8 .text-icon.dt-icon-border-dashed.dt-icon-hover-border-on:after {\n  border-style: dashed;\n}\n.icon-with-text-shortcode.icon-text-id-dd9283bb84caba90f7fb676438441ac8 .text-icon.dt-icon-border-dotted.dt-icon-hover-border-on:after {\n  border-style: dotted;\n}\n.icon-with-text-shortcode.icon-text-id-dd9283bb84caba90f7fb676438441ac8 .text-icon.dt-icon-border-double.dt-icon-hover-border-on:after {\n  border-style: double;\n}\n.icon-with-text-shortcode.icon-text-id-dd9283bb84caba90f7fb676438441ac8 .text-icon.dt-icon-hover-on:hover {\n  font-size: 32px;\n}\n#page .icon-with-text-shortcode.icon-text-id-dd9283bb84caba90f7fb676438441ac8 .text-icon.dt-icon-hover-on:hover .soc-font-icon,\n#phantom .icon-with-text-shortcode.icon-text-id-dd9283bb84caba90f7fb676438441ac8 .text-icon.dt-icon-hover-on:hover .soc-font-icon,\n#page .icon-with-text-shortcode.icon-text-id-dd9283bb84caba90f7fb676438441ac8 .text-icon.dt-icon-hover-on:hover .soc-icon,\n#phantom .icon-with-text-shortcode.icon-text-id-dd9283bb84caba90f7fb676438441ac8 .text-icon.dt-icon-hover-on:hover .soc-icon {\n  color: #fff;\n  background: none;\n}\n.icon-with-text-shortcode.icon-text-id-dd9283bb84caba90f7fb676438441ac8.layout-1 {\n  grid-template-columns: 60px minmax(0,1fr);\n  grid-column-gap: 20px;\n}\n.icon-with-text-shortcode.icon-text-id-dd9283bb84caba90f7fb676438441ac8.layout-2 {\n  grid-template-columns: minmax(0,1fr) 60px;\n  grid-column-gap: 0px;\n}\n.icon-with-text-shortcode.icon-text-id-dd9283bb84caba90f7fb676438441ac8.layout-2 .text-icon {\n  margin-left: 0;\n}\n.icon-with-text-shortcode.icon-text-id-dd9283bb84caba90f7fb676438441ac8.layout-3 {\n  grid-template-columns: 60px minmax(0,1fr);\n}\n.icon-with-text-shortcode.icon-text-id-dd9283bb84caba90f7fb676438441ac8.layout-3 .dt-text-title {\n  margin-left: 20px;\n}\n.icon-with-text-shortcode.icon-text-id-dd9283bb84caba90f7fb676438441ac8 .dt-text-title,\n.icon-with-text-shortcode.icon-text-id-dd9283bb84caba90f7fb676438441ac8 .dt-text-title a {\n  font-weight: bold;\n}\n.icon-with-text-shortcode.icon-text-id-dd9283bb84caba90f7fb676438441ac8 .dt-text-title {\n  margin-bottom: 0px;\n}\n.icon-with-text-shortcode.icon-text-id-dd9283bb84caba90f7fb676438441ac8 .dt-text-desc {\n  margin-bottom: 8px;\n}<\/style><div class=\"icon-with-text-shortcode  icon-text-id-dd9283bb84caba90f7fb676438441ac8 layout-1  vc_custom_1757668853334\" ><span   class=\"text-icon dt-icon-bg-off dt-icon-border-on dt-icon-hover-off\" ><span class=\"icon-inner\"><i class=\"dt-regular-icon soc-icon icomoon-the7-font-the7-more-00\"><\/i><i class=\"dt-hover-icon soc-icon icomoon-the7-font-the7-more-00\"><\/i><\/span><\/span><h4 class=\"dt-text-title\"  >Verg\u00fctungsordnung<\/h4><div class=\"dt-text-desc\">\u00dcbersicht - Kosten\u00fcbernahme durch SVE \/ SGS<\/div><a href=\"https:\/\/www.er-schwimmt.de\/wp-content\/uploads\/2025\/01\/Verguetungsordnung_SVE-SGS.pdf\" class=\"anchor-link  default-btn-shortcode dt-btn dt-btn-s link-hover-off\" target=\"_blank\" rel=\"noopener\"><span>Download<\/span><\/a><\/div><\/div><\/div><\/div><\/div>\n<\/div>","protected":false},"excerpt":{"rendered":"<p>SatzungenVereinssatzung SVE ErlangenSchwimmverein Erlangen Fassung vom 25.07.2017DownloadVereinssatzung SGS ErlangenSportgemeinschaft Siemens Erlangen Schwimmen e. V. Fassung vom 19.12.2016DownloadSonstigesVerg\u00fctungsordnung\u00dcbersicht &#8211; Kosten\u00fcbernahme durch SVE \/ SGSDownload<\/p>","protected":false},"author":1,"featured_media":0,"parent":74,"menu_order":0,"comment_status":"closed","ping_status":"closed","template":"","meta":{"footnotes":""},"class_list":["post-538","page","type-page","status-publish","hentry","description-off"],"aioseo_notices":[],"_links":{"self":[{"href":"https:\/\/www.er-schwimmt.de\/en\/wp-json\/wp\/v2\/pages\/538","targetHints":{"allow":["GET"]}}],"collection":[{"href":"https:\/\/www.er-schwimmt.de\/en\/wp-json\/wp\/v2\/pages"}],"about":[{"href":"https:\/\/www.er-schwimmt.de\/en\/wp-json\/wp\/v2\/types\/page"}],"author":[{"embeddable":true,"href":"https:\/\/www.er-schwimmt.de\/en\/wp-json\/wp\/v2\/users\/1"}],"replies":[{"embeddable":true,"href":"https:\/\/www.er-schwimmt.de\/en\/wp-json\/wp\/v2\/comments?post=538"}],"version-history":[{"count":26,"href":"https:\/\/www.er-schwimmt.de\/en\/wp-json\/wp\/v2\/pages\/538\/revisions"}],"predecessor-version":[{"id":4236,"href":"https:\/\/www.er-schwimmt.de\/en\/wp-json\/wp\/v2\/pages\/538\/revisions\/4236"}],"up":[{"embeddable":true,"href":"https:\/\/www.er-schwimmt.de\/en\/wp-json\/wp\/v2\/pages\/74"}],"wp:attachment":[{"href":"https:\/\/www.er-schwimmt.de\/en\/wp-json\/wp\/v2\/media?parent=538"}],"curies":[{"name":"wp","href":"https:\/\/api.w.org\/{rel}","templated":true}]}}